{"id":1369,"date":"2021-02-13T01:07:07","date_gmt":"2021-02-12T16:07:07","guid":{"rendered":"http:\/\/vietcafe-material.com\/?page_id=1369"},"modified":"2025-10-24T15:42:40","modified_gmt":"2025-10-24T08:42:40","slug":"conversation","status":"publish","type":"page","link":"https:\/\/japanavi-talk.com\/material\/conversation\/","title":{"rendered":"\u65e5\u5e38\u4f1a\u8a71\u6559\u6750\u4e00\u89a7"},"content":{"rendered":"<p><img loading=\"lazy\" decoding=\"async\" class=\"wp-image-9689 aligncenter\" src=\"https:\/\/japanavi-talk.com\/material\/wp-content\/uploads\/2025\/05\/13-2.png\" alt=\"\" width=\"321\" height=\"240\" srcset=\"https:\/\/japanavi-talk.com\/material\/wp-content\/uploads\/2025\/05\/13-2.png 1600w, https:\/\/japanavi-talk.com\/material\/wp-content\/uploads\/2025\/05\/13-2-300x225.png 300w, https:\/\/japanavi-talk.com\/material\/wp-content\/uploads\/2025\/05\/13-2-1024x768.png 1024w, https:\/\/japanavi-talk.com\/material\/wp-content\/uploads\/2025\/05\/13-2-768x576.png 768w, https:\/\/japanavi-talk.com\/material\/wp-content\/uploads\/2025\/05\/13-2-1536x1152.png 1536w, https:\/\/japanavi-talk.com\/material\/wp-content\/uploads\/2025\/05\/13-2-880x660.png 880w\" sizes=\"auto, (max-width: 321px) 100vw, 321px\" \/><\/p>\n<p><span style=\"color: #993300; font-size: 18pt;\"><strong>\u25cf \u521d\u7d1a<\/strong><\/span><\/p>\n<table class=\"material_table\">\n<tbody>\n<tr>\n<th>\u6559\u6750<\/th>\n<th>\u65e5\u5e38\u4f1a\u8a71\u30bf\u30a4\u30c8\u30eb<\/th>\n<\/tr>\n<tr>\n<td>\u7b2c1\u8a71<\/td>\n<td><a href=\"https:\/\/japanavi-talk.com\/material\/kaiwa-shokyu1\/\">\u3058\u3053\u3057\u3087\u3046\u304b\u3044\u30fbGi\u1edbi thi\u1ec7u b\u1ea3n th\u00e2n<\/a><\/td>\n<\/tr>\n<tr>\n<td>\u7b2c2\u8a71<\/td>\n<td><a href=\"https:\/\/japanavi-talk.com\/material\/kaiwa-shokyu2\/\">\u304b\u305e\u304f\u30fbGia \u0111\u00ecnh<\/a><\/td>\n<\/tr>\n<tr>\n<td>\u7b2c3\u8a71<\/td>\n<td><a href=\"https:\/\/japanavi-talk.com\/material\/kaiwa-shokyu3\/\">\u3059\u304d\u306a\u305f\u3079\u3082\u306e\u30fbM\u00f3n \u0103n y\u00eau th\u00edch<\/a><\/td>\n<\/tr>\n<tr>\n<td>\u7b2c4\u8a71<\/td>\n<td><a href=\"https:\/\/japanavi-talk.com\/material\/kaiwa-shokyu4\/\">\u3042\u3055\u3054\u306f\u3093\u30fbB\u1eefa \u0103n s\u00e1ng<\/a><\/td>\n<\/tr>\n<tr>\n<td>\u7b2c5\u8a71<\/td>\n<td><a href=\"https:\/\/japanavi-talk.com\/material\/kaiwa-shokyu5\/\">\u3069\u3053\u3067\u305f\u3079\u307e\u3059\u304b\u30fb\u0102n \u1edf \u0111\u00e2u\uff1f<\/a><\/td>\n<\/tr>\n<tr>\n<td>\u7b2c6\u8a71<\/td>\n<td><a href=\"https:\/\/japanavi-talk.com\/material\/kaiwa-shokyu6\/\">\u308f\u305f\u3057\u306e\u3044\u3048\u30fbNh\u00e0 c\u1ee7a t\u00f4i<\/a><\/td>\n<\/tr>\n<tr>\n<td>\u7b2c7\u8a71<\/td>\n<td><a href=\"https:\/\/japanavi-talk.com\/material\/kaiwa-shokyu7\/\">\u3044\u3048\u306e\u306a\u304b\u30fbTrong nh\u00e0<\/a><\/td>\n<\/tr>\n<tr>\n<td>\u7b2c8\u8a71<\/td>\n<td><a href=\"https:\/\/japanavi-talk.com\/material\/kaiwa-shokyu8\/\">\u308f\u305f\u3057\u306e\u3078\u3084\u30fbPh\u00f2ng c\u1ee7a t\u00f4i<\/a><\/td>\n<\/tr>\n<tr>\n<td>\u7b2c9\u8a71<\/td>\n<td><a href=\"https:\/\/japanavi-talk.com\/material\/kaiwa-shokyu9\/\">\u3058\u304b\u3093\u30fbTh\u1eddi gian<\/a><\/td>\n<\/tr>\n<tr>\n<td>\u7b2c10\u8a71<\/td>\n<td><a href=\"https:\/\/japanavi-talk.com\/material\/kaiwa-shokyu10\/\">\u308f\u305f\u3057\u306e\u4e00\u65e5\u30fbM\u1ed9t ng\u00e0y c\u1ee7a t\u00f4i<\/a><\/td>\n<\/tr>\n<tr>\n<td>\u7b2c11\u8a71<\/td>\n<td><a href=\"https:\/\/japanavi-talk.com\/material\/kaiwa-shokyu11\/\">\u4f55\u3067\u884c\u304d\u307e\u3059\u304b\u30fb\u0110i b\u1eb1ng g\u00ec<\/a><\/td>\n<\/tr>\n<tr>\n<td>\u7b2c12\u8a71<\/td>\n<td><a href=\"https:\/\/japanavi-talk.com\/material\/kaiwa-shokyu12\/\">\u3044\u3063\u3057\u3087\u306b\u884c\u304d\u307e\u3059\u304b\u30fbC\u00f9ng \u0111i kh\u00f4ng?<\/a><\/td>\n<\/tr>\n<tr>\n<td>\u7b2c13\u8a71<\/td>\n<td><a href=\"https:\/\/japanavi-talk.com\/material\/kaiwa-shokyu13\/\">\u3069\u306e\u3050\u3089\u3044 \u304b\u304b\u308a\u307e\u3059\u304b\u30fbM\u1ea5t bao l\u00e2u?<\/a><\/td>\n<\/tr>\n<tr>\n<td>\u7b2c14\u8a71<\/td>\n<td><a href=\"https:\/\/japanavi-talk.com\/material\/kaiwa-shokyu14\/\">\u306b\u307b\u3093\u3054\u3067\u306a\u3093\u3067\u3059\u304b\u30fb Trong ti\u1ebfng Nh\u1eadt l\u00e0 g\u00ec?<\/a><\/td>\n<\/tr>\n<tr>\n<td>\u7b2c15\u8a71<\/td>\n<td><a href=\"https:\/\/japanavi-talk.com\/material\/kaiwa-shokyu15\/\">\u308f\u305f\u3057\u306e\u307e\u3061\u30fbTh\u00e0nh ph\u1ed1 c\u1ee7a t\u00f4i<\/a><\/td>\n<\/tr>\n<tr>\n<td>\u7b2c16\u8a71<\/td>\n<td><a href=\"https:\/\/japanavi-talk.com\/material\/kaiwa-shokyu16\/\">\u4f55\u304c\u307b\u3057\u3044\u3067\u3059\u304b\u30fbMu\u1ed1n c\u00e1i g\u00ec?<\/a><\/td>\n<\/tr>\n<tr>\n<td>\u7b2c17\u8a71<\/td>\n<td><a href=\"https:\/\/japanavi-talk.com\/material\/kaiwa-shokyu17\/\">\u3042\u306d\u306b\u3082\u3089\u3044\u307e\u3057\u305f\u30fbT\u00f4i \u0111\u00e3 nh\u1eadn t\u1eeb ch\u1ecb g\u00e1i<\/a><\/td>\n<\/tr>\n<tr>\n<td>\u7b2c18\u8a71<\/td>\n<td><a href=\"https:\/\/japanavi-talk.com\/material\/kaiwa-shokyu18\/\">\u3069\u3046\u3067\u3057\u305f\u304b\u30fb \u0110\u00e3 nh\u01b0 th\u1ebf n\u00e0o?<\/a><\/td>\n<\/tr>\n<tr>\n<td>\u7b2c19\u8a71<\/td>\n<td><a href=\"https:\/\/japanavi-talk.com\/material\/kaiwa-shokyu19\/\">\u307e\u3063\u3059\u3050\u884c\u3063\u3066\u304f\u3060\u3055\u3044\u30fbH\u00e3y \u0111i th\u1eb3ng<\/a><\/td>\n<\/tr>\n<tr>\n<td>\u7b2c20\u8a71<\/td>\n<td><a href=\"https:\/\/japanavi-talk.com\/material\/kaiwa-shokyu20\/\">\u3057\u3085\u307f\u306f\u3000\u306a\u3093\u3067\u3059\u304b\u30fbS\u1edf th\u00edch c\u1ee7a b\u1ea1n l\u00e0 g\u00ec?<\/a><\/td>\n<\/tr>\n<tr>\n<td>\u7b2c21\u8a71<\/td>\n<td><a href=\"https:\/\/japanavi-talk.com\/material\/kaiwa-shokyu21\/\">\u3057\u3085\u3063\u3057\u3093\u3061\u30fbN\u01a1i xu\u1ea5t th\u00e2n<\/a><\/td>\n<\/tr>\n<tr>\n<td>\u7b2c22\u8a71<\/td>\n<td><a href=\"https:\/\/japanavi-talk.com\/material\/kaiwa-shokyu22\/\">\u304d\u305b\u3064\u30fbM\u00f9a<\/a><\/td>\n<\/tr>\n<tr>\n<td>\u7b2c23\u8a71<\/td>\n<td><a href=\"https:\/\/japanavi-talk.com\/material\/kaiwa-shokyu23\/\">\u30a2\u30a4\u30f3\u3055\u3093\u306e\u65e5\u66dc\u65e5\u30fbNg\u00e0y ch\u1ee7 nh\u1eadt c\u1ee7a Anh<\/a><\/td>\n<\/tr>\n<tr>\n<td>\u7b2c24\u8a71<\/td>\n<td><a href=\"https:\/\/japanavi-talk.com\/material\/kaiwa-shokyu24\/\">10\u6642\u3067\u3082\u3044\u3044\u3067\u3059\u304b\u30fb10 gi\u1edd c\u00f3 \u0111\u01b0\u1ee3c kh\u00f4ng?<\/a><\/td>\n<\/tr>\n<tr>\n<td>\u7b2c25\u8a71<\/td>\n<td><a href=\"https:\/\/japanavi-talk.com\/material\/kaiwa-shokyu25\/\">\u3061\u3087\u3063\u3068\u9045\u308c\u307e\u3059\u30fbMu\u1ed9n m\u1ed9t ch\u00fat<\/a><\/td>\n<\/tr>\n<tr>\n<td>\u7b2c26\u8a71<\/td>\n<td><a href=\"https:\/\/japanavi-talk.com\/material\/kaiwa-shokyu26\/\">\u65e5\u672c\u8a9e\u306f\u96e3\u3057\u3044\u3067\u3059\u304b\u30fb Ti\u1ebfng Nh\u1eadt kh\u00f3 kh\u00f4ng ?<\/a><\/td>\n<\/tr>\n<tr>\n<td>\u7b2c27\u8a71<\/td>\n<td><a href=\"https:\/\/japanavi-talk.com\/material\/kaiwa-shokyu27\/\">\u308f\u304b\u3089\u306a\u3044\u3093\u3067\u3059\u304c\u30fb T\u00f4i kh\u00f4ng hi\u1ec3u ~<\/a><\/td>\n<\/tr>\n<tr>\n<td>\u7b2c28\u8a71<\/td>\n<td><a href=\"https:\/\/japanavi-talk.com\/material\/kaiwa-shokyu28\/\">\u3060\u308c\u304c\u4f55\u3092\u6301\u3063\u3066\u884c\u304d\u307e\u3059\u304b\u30fb Ai s\u1ebd mang theo c\u00e1i g\u00ec?<\/a><\/td>\n<\/tr>\n<tr>\n<td>\u7b2c29\u8a71<\/td>\n<td><a href=\"https:\/\/japanavi-talk.com\/material\/kaiwa-shokyu29\/\">\u3069\u3063\u3061\u304c\u3044\u3044\u3067\u3059\u304b\u30fb C\u00e1i n\u00e0o s\u1ebd t\u1ed1t h\u01a1n ?<\/a><\/td>\n<\/tr>\n<tr>\n<td>\u7b2c30\u8a71<\/td>\n<td><a href=\"https:\/\/japanavi-talk.com\/material\/kaiwa-shokyu30\/\">\u3053\u306e\u6599\u7406\u3001\u5375\u3092\u4f7f\u3063\u3066\u307e\u3059\u304b\u30fbM\u00f3n n\u00e0y c\u00f3 tr\u1ee9ng kh\u00f4ng ?<\/a><\/td>\n<\/tr>\n<tr>\n<td>\u7b2c31\u8a71<\/td>\n<td><a href=\"https:\/\/japanavi-talk.com\/material\/kaiwa-shokyu31\/\">\u304a\u5f01\u5f53\u3001\u304a\u3044\u3057\u305d\u3046\u3067\u3059\u306d\u30fbC\u01a1m h\u1ed9p tr\u00f4ng ngon nh\u1ec9.<\/a><\/td>\n<\/tr>\n<tr>\n<td>\u7b2c32\u8a71<\/td>\n<td><a href=\"https:\/\/japanavi-talk.com\/material\/kaiwa-shokyu32\/\">\u5375\u306e\u6599\u7406\u3067\u3059\u30fbM\u00f3n \u0103n l\u00e0m t\u1eeb tr\u1ee9ng<\/a><\/td>\n<\/tr>\n<tr>\n<td>\u7b2c33\u8a71<\/td>\n<td><a href=\"https:\/\/japanavi-talk.com\/material\/kaiwa-shokyu33\/\">\u660e\u65e5\u3001\u4f55\u6642\u306b\u3057\u307e\u3059\u304b\u30fbNg\u00e0y mai, (ch\u00fang ta) h\u1eb9n l\u00fac m\u1ea5y gi\u1edd?<\/a><\/td>\n<\/tr>\n<tr>\n<td>\u7b2c34\u8a71<\/td>\n<td><a href=\"https:\/\/japanavi-talk.com\/material\/kaiwa-shokyu34\/\">\u3082\u3046\u884c\u304d\u307e\u3057\u305f\u304b\uff1f\u30fbB\u1ea1n \u0111\u00e3 \u0111i ch\u01b0a?<\/a><\/td>\n<\/tr>\n<tr>\n<td>\u7b2c35\u8a71<\/td>\n<td><a href=\"https:\/\/japanavi-talk.com\/material\/kaiwa-shokyu35\/\">\u3053\u306e\u3042\u3068\u3001\u3069\u3046\u3057\u307e\u3059\u304b\uff1f\u30fbSau \u0111\u00f3 s\u1ebd l\u00e0m g\u00ec?<\/a><\/td>\n<\/tr>\n<tr>\n<td>\u7b2c36\u8a71<\/td>\n<td><a href=\"https:\/\/japanavi-talk.com\/material\/kaiwa-shokyu36\/\">\u65e5\u672c\u8a9e\u306e\u30af\u30e9\u30b9\u306f\u3069\u3046\u3067\u3059\u304b\uff1f\u30fbL\u1edbp h\u1ecdc ti\u1ebfng nh\u1eadt nh\u01b0 th\u1ebf n\u00e0o?<\/a><\/td>\n<\/tr>\n<tr>\n<td>\u7b2c37\u8a71<\/td>\n<td><a href=\"https:\/\/japanavi-talk.com\/material\/kaiwa-shokyu37\/\">\u9ad8\u6821\u306e\u3068\u304d\u3001\u5c11\u3057\u52c9\u5f37\u3057\u307e\u3057\u305f\u30fb T\u00f4i \u0111\u00e3 h\u1ecdc m\u1ed9t ch\u00fat khi c\u00f2n h\u1ecdc c\u1ea5p 3<\/a><\/td>\n<\/tr>\n<tr>\n<td>\u7b2c38\u8a71<\/td>\n<td><a href=\"https:\/\/japanavi-talk.com\/material\/kaiwa-shokyu38\/\">\u3069\u306e\u3050\u3089\u3044\u304b\u304b\u308a\u305d\u3046\u3067\u3059\u304b\uff1f\u30fbS\u1ebd m\u1ea5t kho\u1ea3ng bao l\u00e2u?<\/a><\/td>\n<\/tr>\n<tr>\n<td>\u7b2c39\u8a71<\/td>\n<td><a href=\"https:\/\/japanavi-talk.com\/material\/kaiwa-shokyu39\/\">\u5c11\u3057\u9045\u304f\u306a\u308a\u307e\u3059\u30fbT\u00f4i s\u1ebd \u0111\u1ebfn mu\u1ed9n m\u1ed9t ch\u00fat<\/a><\/td>\n<\/tr>\n<tr>\n<td>\u7b2c40\u8a71<\/td>\n<td><a href=\"https:\/\/japanavi-talk.com\/material\/kaiwa-shokyu40\/\">\u660e\u65e5\u306e\u5348\u5f8c\u3001\u65e9\u9000\u3057\u3066\u3082\u3044\u3044\u3067\u305d\u3046\u304b\uff1f\u30fbChi\u1ec1u mai t\u00f4i v\u1ec1 s\u1edbm c\u00f3 \u0111\u01b0\u1ee3c kh\u00f4ng \u1ea1?<\/a><\/td>\n<\/tr>\n<tr>\n<td>\u7b2c41\u8a71<\/td>\n<td><a href=\"https:\/\/japanavi-talk.com\/material\/kaiwa-shokyu41\/\">\u4eca\u65e5\u306f\u3069\u3046\u3057\u307e\u3057\u305f\u304b\u30fbH\u00f4m nay ch\u1ecb c\u00f3 v\u1ea5n \u0111\u1ec1 g\u00ec v\u1eady?<\/a><\/td>\n<\/tr>\n<tr>\n<td>\u7b2c42\u8a71<\/td>\n<td><a href=\"https:\/\/japanavi-talk.com\/material\/kaiwa-shokyu42\/\">\u30a4\u30f3\u30d5\u30eb\u30a8\u30f3\u30b6\u3067\u3059\u306d\u30fbB\u1ecb c\u00fam r\u1ed3i<\/a><\/td>\n<\/tr>\n<tr>\n<td>\u7b2c43\u8a71<\/td>\n<td><a href=\"https:\/\/japanavi-talk.com\/material\/kaiwa-shokyu43\/\">\u3050\u3042\u3044\u304c\u308f\u308b\u305d\u3046\u3067\u3059\u306d\u30fbTr\u00f4ng c\u00f3 v\u1ebb kh\u00f4ng kh\u1ecfe nh\u1ec9.<\/a><\/td>\n<\/tr>\n<tr>\n<td>\u7b2c44\u8a71<\/td>\n<td><a href=\"https:\/\/japanavi-talk.com\/material\/kaiwa-shokyu44\/\">\u591c\u306f\u65e9\u304f\u5bdd\u308b\u3088\u3046\u306b\u3057\u3066\u3044\u307e\u3059\u30fbBu\u1ed5i t\u1ed1i t\u00f4i c\u1ed1 g\u1eafng \u0111i ng\u1ee7 s\u1edbm<\/a><\/td>\n<\/tr>\n<tr>\n<td>\u7b2c45\u8a71<\/td>\n<td><a href=\"https:\/\/japanavi-talk.com\/material\/kaiwa-shokyu45\/\">\u3054\u3081\u3093\u304f\u3060\u3044\u3055\u3044\u30fbC\u00f3 ai \u1edf nh\u00e0 kh\u00f4ng<\/a><\/td>\n<\/tr>\n<tr>\n<td>\u7b2c46\u8a71<\/td>\n<td><a href=\"https:\/\/japanavi-talk.com\/material\/kaiwa-shokyu46\/\">\u3053\u308c\u3001\u304a\u571f\u7523\u3067\u3059\u30fb\u0110\u00e2y l\u00e0 qu\u00e0 \u0111\u1eb7c s\u1ea3n<\/a><\/td>\n<\/tr>\n<tr>\n<td>\u7b2c47\u8a71<\/td>\n<td><a href=\"https:\/\/japanavi-talk.com\/material\/kaiwa-shokyu47\/\">\u8a95\u751f\u65e5\u306b\u3001\u53cb\u9054\u306b\u3082\u3089\u3063\u305f\u3093\u3067\u3059\u30fb\u0110\u00e3 nh\u1eadn t\u1eeb b\u1ea1n b\u00e8 v\u00e0o ng\u00e0y sinh nh\u1eadt<\/a><\/td>\n<\/tr>\n<tr>\n<td>\u7b2c48\u8a71<\/td>\n<td><a href=\"https:\/\/japanavi-talk.com\/material\/kaiwa-shokyu48\/\">\u304a\u3081\u3067\u3068\u3046\u3054\u3056\u3044\u307e\u3059\u30fbXin ch\u00fac m\u1eebng<\/a><\/td>\n<\/tr>\n<tr>\n<td>\u7b2c49\u8a71<\/td>\n<td><a href=\"https:\/\/japanavi-talk.com\/material\/kaiwa-shokyu49\/\">\u9001\u5225\u4f1a\u3092\u3057\u307e\u305b\u3093\u304b\u30fbCh\u00fang ta t\u1ed5 ch\u1ee9c ti\u1ec7c chia tay nh\u00e9<\/a><\/td>\n<\/tr>\n<tr>\n<td>\u7b2c50\u8a71<\/td>\n<td><a href=\"https:\/\/japanavi-talk.com\/material\/kaiwa-shokyu50\/\">\u3044\u308d\u3044\u308d\u304a\u4e16\u8a71\u306b\u306a\u308a\u307e\u3059\u30fbC\u1ea3m \u01a1n v\u00ec \u0111\u00e3 gi\u00fap \u0111\u1ee1 t\u00f4i<\/a><\/td>\n<\/tr>\n<tr>\n<td colspan=\"2\"><span style=\"color: #993300; font-size: 18pt;\"><strong>\u25cf \u4e2d\u7d1a<\/strong><\/span><\/td>\n<\/tr>\n<tr>\n<td>\u7b2c1\u8a71<\/td>\n<td><a href=\"https:\/\/japanavi-talk.com\/material\/kaiwa_chukyu1\/\">\u81ea\u5df1\u7d39\u4ecb<\/a><\/td>\n<\/tr>\n<tr>\n<td>\u7b2c2\u8a71<\/td>\n<td><a href=\"https:\/\/japanavi-talk.com\/material\/kaiwa_chukyu2\/\">\u98f2\u98df\u5e97\u3092\u4e88\u7d04\u3059\u308b<\/a><\/td>\n<\/tr>\n<tr>\n<td>\u7b2c3\u8a71<\/td>\n<td><a href=\"https:\/\/japanavi-talk.com\/material\/kaiwa_chukyu3\/\">\u98f2\u98df\u5e97\u3067\u6ce8\u6587\u3059\u308b<\/a><\/td>\n<\/tr>\n<tr>\n<td>\u7b2c4\u8a71<\/td>\n<td><a href=\"https:\/\/japanavi-talk.com\/material\/kaiwa_chukyu4\/\">\u65c5\u884c\u306e\u8a08\u753b\u3092\u8a71\u3057\u5408\u3046<\/a><\/td>\n<\/tr>\n<tr>\n<td>\u7b2c5\u8a71<\/td>\n<td><a href=\"https:\/\/japanavi-talk.com\/material\/kaiwa_chukyu5\/\">\u53cb\u9054\u3092\u30a4\u30d9\u30f3\u30c8\u306b\u8a98\u3046<\/a><\/td>\n<\/tr>\n<tr>\n<td>\u7b2c6\u8a71<\/td>\n<td><a href=\"https:\/\/japanavi-talk.com\/material\/kaiwa_chukyu6\/\">\u77e5\u3089\u306a\u3044\u4eba\u306b\u8a71\u3057\u304b\u3051\u308b<\/a><\/td>\n<\/tr>\n<tr>\n<td>\u7b2c7\u8a71<\/td>\n<td><a href=\"https:\/\/japanavi-talk.com\/material\/kaiwa_chukyu7\/\">\u3054\u307f\u306e\u5206\u5225<\/a><\/td>\n<\/tr>\n<tr>\n<td>\u7b2c8\u8a71<\/td>\n<td><a href=\"https:\/\/japanavi-talk.com\/material\/?p=8494&amp;preview=true\">\u843d\u3068\u3057\u7269\u3092\u3057\u305f\u3068\u304d<\/a><\/td>\n<\/tr>\n<tr>\n<td>\u7b2c9\u8a71<\/td>\n<td><a href=\"https:\/\/japanavi-talk.com\/material\/kaiwa_chukyu9\/\">\u8cb7\u3044\u7269<\/a><\/td>\n<\/tr>\n<tr>\n<td>\u7b2c10\u8a71<\/td>\n<td><a href=\"https:\/\/japanavi-talk.com\/material\/kaiwa_chukyu10\/\">\u597d\u304d\u306a\u6709\u540d\u4eba\u306e\u3053\u3068\u3092\u8a71\u3059<\/a><\/td>\n<\/tr>\n<tr>\n<td>\u7b2c11\u8a71<\/td>\n<td><a href=\"https:\/\/japanavi-talk.com\/material\/kaiwa_chukyu11\/\">\u30c7\u30fc\u30c8\u306b\u3064\u3044\u3066\u8a71\u3059<\/a><\/td>\n<\/tr>\n<tr>\n<td>\u7b2c12\u8a71<\/td>\n<td><a href=\"https:\/\/japanavi-talk.com\/material\/kaiwa_chukyu12\/\">\u6700\u8fd1\u3069\u3046\uff1f<\/a><\/td>\n<\/tr>\n<tr>\n<td>\u7b2c13\u8a71<\/td>\n<td><a href=\"https:\/\/japanavi-talk.com\/material\/kaiwa_chukyu13\/\">\u30da\u30c3\u30c8\u306b\u3064\u3044\u3066<\/a><\/td>\n<\/tr>\n<tr>\n<td>\u7b2c14\u8a71<\/td>\n<td><a href=\"https:\/\/japanavi-talk.com\/material\/kaiwa_chukyu14\/\">\u307f\u3093\u306a\u306b\u3042\u308a\u304c\u3068\u3046<\/a><\/td>\n<\/tr>\n<tr>\n<td>\u7b2c15\u8a71<\/td>\n<td><a href=\"https:\/\/japanavi-talk.com\/material\/kaiwa_chukyu15\/\">\u7f8e\u5bb9\u9662\u3067\u9aea\u3092\u5207\u308b<\/a><\/td>\n<\/tr>\n<tr>\n<td>\u7b2c16\u8a71<\/td>\n<td><a href=\"https:\/\/japanavi-talk.com\/material\/kaiwa_chukyu16\/\">\u304a\u571f\u7523<\/a><\/td>\n<\/tr>\n<tr>\n<td>\u7b2c17\u8a71<\/td>\n<td><a href=\"https:\/\/japanavi-talk.com\/material\/kaiwa_chukyu17\/\">\u3069\u3093\u306a\u4eba\uff1f<\/a><\/td>\n<\/tr>\n<tr>\n<td>\u7b2c18\u8a71<\/td>\n<td><a href=\"https:\/\/japanavi-talk.com\/material\/kaiwa_chukyu18\/\">\u5065\u5eb7<\/a><\/td>\n<\/tr>\n<tr>\n<td>\u7b2c19\u8a71<\/td>\n<td><a href=\"https:\/\/japanavi-talk.com\/material\/kaiwa_chukyu19\/\">\u30cb\u30e5\u30fc\u30b9<\/a><\/td>\n<\/tr>\n<tr>\n<td>\u7b2c20\u8a71<\/td>\n<td><a href=\"https:\/\/japanavi-talk.com\/material\/kaiwa_chukyu20\/\">\u30c8\u30e9\u30d6\u30eb<\/a><\/td>\n<\/tr>\n<tr>\n<td>\u7b2c21\u8a71<\/td>\n<td><a href=\"https:\/\/japanavi-talk.com\/material\/kaiwa_chukyu21\/\">\u5b50\u4f9b\u306e\u9803\u306e\u8a71<\/a><\/td>\n<\/tr>\n<tr>\n<td>\u7b2c22\u8a71<\/td>\n<td><a href=\"https:\/\/japanavi-talk.com\/material\/kaiwa_chukyu22\/\">\u751f\u3082\u306e\u306e\u8a71<\/a><\/td>\n<\/tr>\n<tr>\n<td>\u7b2c23\u8a71<\/td>\n<td><a href=\"https:\/\/japanavi-talk.com\/material\/kaiwa_chukyu23\/\">\u6b8b\u696d\u306e\u8a71<\/a><\/td>\n<\/tr>\n<tr>\n<td>\u7b2c24\u8a71<\/td>\n<td><a href=\"https:\/\/japanavi-talk.com\/material\/kaiwa_chukyu24\/\">\u65e5\u672c\u3067\u9a5a\u3044\u305f\u3053\u3068<\/a><\/td>\n<\/tr>\n<tr>\n<td>\u7b2c25\u8a71<\/td>\n<td><a href=\"https:\/\/japanavi-talk.com\/material\/kaiwa_chukyu25\/\">\u5c06\u6765\u306e\u4ed5\u4e8b<\/a><\/td>\n<\/tr>\n<tr>\n<td>\u7b2c26\u8a71<\/td>\n<td><a href=\"https:\/\/japanavi-talk.com\/material\/kaiwa_chukyu26\/\">\u30ab\u30ec\u30fc\u306e\u4f5c\u308a\u65b9\u306b\u3064\u3044\u3066<\/a><\/td>\n<\/tr>\n<tr>\n<td>\u7b2c27\u8a71<\/td>\n<td><a href=\"https:\/\/japanavi-talk.com\/material\/kaiwa_chukyu27\/\">\u65e5\u672c\u65c5\u884c\u306e\u30a2\u30c9\u30d0\u30a4\u30b9<\/a><\/td>\n<\/tr>\n<tr>\n<td>\u7b2c28\u8a71<\/td>\n<td><a href=\"https:\/\/japanavi-talk.com\/material\/kaiwa_chukyu28\/\">\u30a2\u30eb\u30d0\u30a4\u30c8<\/a><\/td>\n<\/tr>\n<tr>\n<td>\u7b2c29\u8a71<\/td>\n<td><a href=\"https:\/\/japanavi-talk.com\/material\/kaiwa_chukyu29\/\">\u6210\u4eba\u5f0f<\/a><\/td>\n<\/tr>\n<tr>\n<td>\u7b2c30\u8a71<\/td>\n<td><a href=\"https:\/\/japanavi-talk.com\/material\/kaiwa_chukyu30\/\">\u521d\u8a63<\/a><\/td>\n<\/tr>\n<\/tbody>\n<\/table>\n<p>&nbsp;<\/p>\n<div id=\"gtx-trans\" style=\"position: absolute; left: 719px; top: 1974.48px;\">\n<div class=\"gtx-trans-icon\">\u00a0<\/div>\n<\/div>\n","protected":false},"excerpt":{"rendered":"<p>\u25cf \u521d\u7d1a \u6559\u6750 \u65e5\u5e38\u4f1a\u8a71\u30bf\u30a4\u30c8\u30eb \u7b2c1\u8a71 \u3058\u3053\u3057\u3087\u3046\u304b\u3044\u30fbGi\u1edbi thi\u1ec7u b\u1ea3n th\u00e2n \u7b2c2\u8a71 \u304b\u305e\u304f\u30fbGia \u0111\u00ecnh \u7b2c3\u8a71 \u3059\u304d\u306a\u305f\u3079\u3082\u306e\u30fbM\u00f3n \u0103n y\u00eau th\u00edch \u7b2c4\u8a71 \u3042\u3055\u3054\u306f\u3093\u30fbB\u1eefa \u0103n s\u00e1ng \u7b2c5\u8a71 \u3069\u3053\u3067\u305f\u3079\u307e\u3059\u304b\u30fb\u0102n \u1edf \u0111\u00e2u\uff1f \u7b2c6\u8a71 \u308f\u305f\u3057\u306e\u3044\u3048\u30fbNh\u00e0 c\u1ee7a t\u00f4i \u7b2c7\u8a71 \u3044\u3048\u306e\u306a\u304b\u30fbTrong nh\u00e0 \u7b2c8\u8a71 \u308f\u305f\u3057\u306e\u3078\u3084\u30fbPh\u00f2ng c\u1ee7a t\u00f4i \u7b2c9\u8a71 \u3058\u304b\u3093\u30fbTh\u1eddi gian \u7b2c10\u8a71 \u308f\u305f\u3057\u306e\u4e00\u65e5\u30fbM\u1ed9t ng\u00e0y c\u1ee7a t\u00f4i \u7b2c11\u8a71 \u4f55\u3067\u884c\u304d\u307e\u3059\u304b\u30fb\u0110i b\u1eb1ng g\u00ec \u7b2c12\u8a71 \u3044\u3063\u3057\u3087\u306b\u884c\u304d\u307e\u3059\u304b\u30fbC\u00f9ng \u0111i kh\u00f4ng? \u7b2c13\u8a71 \u3069\u306e\u3050\u3089\u3044 \u304b\u304b\u308a\u307e\u3059\u304b\u30fbM\u1ea5t bao l\u00e2u? \u7b2c14\u8a71 \u306b\u307b\u3093\u3054\u3067\u306a\u3093\u3067\u3059\u304b\u30fb Trong ti\u1ebfng Nh\u1eadt l\u00e0 g\u00ec? \u7b2c15\u8a71 \u308f\u305f\u3057\u306e\u307e\u3061\u30fbTh\u00e0nh ph\u1ed1 c\u1ee7a t\u00f4i \u7b2c16\u8a71 \u4f55\u304c\u307b\u3057\u3044\u3067\u3059\u304b\u30fbMu\u1ed1n c\u00e1i g\u00ec? \u7b2c17\u8a71 \u3042\u306d\u306b\u3082\u3089\u3044\u307e\u3057\u305f\u30fbT\u00f4i \u0111\u00e3 nh\u1eadn t\u1eeb ch\u1ecb g\u00e1i \u7b2c18\u8a71 \u3069\u3046\u3067\u3057\u305f\u304b\u30fb \u0110\u00e3 nh\u01b0 th\u1ebf n\u00e0o? \u7b2c19\u8a71 \u307e\u3063\u3059\u3050\u884c\u3063\u3066\u304f\u3060\u3055\u3044\u30fbH\u00e3y \u0111i th\u1eb3ng \u7b2c20\u8a71 \u3057\u3085\u307f\u306f\u3000\u306a\u3093\u3067\u3059\u304b\u30fbS\u1edf th\u00edch c\u1ee7a b\u1ea1n l\u00e0 g\u00ec? \u7b2c21\u8a71 \u3057\u3085\u3063\u3057\u3093\u3061\u30fbN\u01a1i xu\u1ea5t th\u00e2n \u7b2c22\u8a71 \u304d\u305b\u3064\u30fbM\u00f9a \u7b2c23\u8a71 \u30a2\u30a4\u30f3\u3055\u3093\u306e\u65e5\u66dc\u65e5\u30fbNg\u00e0y ch\u1ee7 nh\u1eadt c\u1ee7a Anh \u7b2c24\u8a71 10\u6642\u3067\u3082\u3044\u3044\u3067\u3059\u304b\u30fb10 gi\u1edd c\u00f3 \u0111\u01b0\u1ee3c kh\u00f4ng? \u7b2c25\u8a71 \u3061\u3087\u3063\u3068\u9045\u308c\u307e\u3059\u30fbMu\u1ed9n m\u1ed9t ch\u00fat \u7b2c26\u8a71 \u65e5\u672c\u8a9e\u306f\u96e3\u3057\u3044\u3067\u3059\u304b\u30fb Ti\u1ebfng Nh\u1eadt kh\u00f3 kh\u00f4ng ? \u7b2c27\u8a71 \u308f\u304b\u3089\u306a\u3044\u3093\u3067\u3059\u304c\u30fb T\u00f4i kh\u00f4ng hi\u1ec3u ~ \u7b2c28\u8a71 \u3060\u308c\u304c\u4f55\u3092\u6301\u3063\u3066\u884c\u304d\u307e\u3059\u304b\u30fb Ai s\u1ebd mang theo c\u00e1i g\u00ec? \u7b2c29\u8a71 \u3069\u3063\u3061\u304c\u3044\u3044\u3067\u3059\u304b\u30fb C\u00e1i n\u00e0o s\u1ebd t\u1ed1t h\u01a1n ? \u7b2c30\u8a71 \u3053\u306e\u6599\u7406\u3001\u5375\u3092\u4f7f\u3063\u3066\u307e\u3059\u304b\u30fbM\u00f3n n\u00e0y c\u00f3 tr\u1ee9ng kh\u00f4ng ? \u7b2c31\u8a71 \u304a\u5f01\u5f53\u3001\u304a\u3044\u3057\u305d\u3046\u3067\u3059\u306d\u30fbC\u01a1m h\u1ed9p tr\u00f4ng ngon nh\u1ec9. \u7b2c32\u8a71 \u5375\u306e\u6599\u7406\u3067\u3059\u30fbM\u00f3n \u0103n l\u00e0m t\u1eeb tr\u1ee9ng \u7b2c33\u8a71 \u660e\u65e5\u3001\u4f55\u6642\u306b\u3057\u307e\u3059\u304b\u30fbNg\u00e0y mai, (ch\u00fang ta) h\u1eb9n l\u00fac m\u1ea5y gi\u1edd? \u7b2c34\u8a71 \u3082\u3046\u884c\u304d\u307e\u3057\u305f\u304b\uff1f\u30fbB\u1ea1n \u0111\u00e3 \u0111i ch\u01b0a? \u7b2c35\u8a71 \u3053\u306e\u3042\u3068\u3001\u3069\u3046\u3057\u307e\u3059\u304b\uff1f\u30fbSau \u0111\u00f3 s\u1ebd l\u00e0m g\u00ec? \u7b2c36\u8a71 \u65e5\u672c\u8a9e\u306e\u30af\u30e9\u30b9\u306f\u3069\u3046\u3067\u3059\u304b\uff1f\u30fbL\u1edbp h\u1ecdc ti\u1ebfng nh\u1eadt nh\u01b0 th\u1ebf n\u00e0o? \u7b2c37\u8a71 \u9ad8\u6821\u306e\u3068\u304d\u3001\u5c11\u3057\u52c9\u5f37\u3057\u307e\u3057\u305f\u30fb T\u00f4i \u0111\u00e3 h\u1ecdc<\/p>\n","protected":false},"author":1,"featured_media":0,"parent":0,"menu_order":0,"comment_status":"closed","ping_status":"closed","template":"","meta":{"footnotes":""},"class_list":["post-1369","page","type-page","status-publish","hentry"],"_links":{"self":[{"href":"https:\/\/japanavi-talk.com\/material\/wp-json\/wp\/v2\/pages\/1369","targetHints":{"allow":["GET"]}}],"collection":[{"href":"https:\/\/japanavi-talk.com\/material\/wp-json\/wp\/v2\/pages"}],"about":[{"href":"https:\/\/japanavi-talk.com\/material\/wp-json\/wp\/v2\/types\/page"}],"author":[{"embeddable":true,"href":"https:\/\/japanavi-talk.com\/material\/wp-json\/wp\/v2\/users\/1"}],"replies":[{"embeddable":true,"href":"https:\/\/japanavi-talk.com\/material\/wp-json\/wp\/v2\/comments?post=1369"}],"version-history":[{"count":175,"href":"https:\/\/japanavi-talk.com\/material\/wp-json\/wp\/v2\/pages\/1369\/revisions"}],"predecessor-version":[{"id":36142,"href":"https:\/\/japanavi-talk.com\/material\/wp-json\/wp\/v2\/pages\/1369\/revisions\/36142"}],"wp:attachment":[{"href":"https:\/\/japanavi-talk.com\/material\/wp-json\/wp\/v2\/media?parent=1369"}],"curies":[{"name":"wp","href":"https:\/\/api.w.org\/{rel}","templated":true}]}}